{"id":41,"date":"2023-04-03T20:55:21","date_gmt":"2023-04-03T18:55:21","guid":{"rendered":"https:\/\/istitutobuenosaires.esteri.it\/?page_id=41"},"modified":"2025-12-30T13:04:37","modified_gmt":"2025-12-30T12:04:37","slug":"contatti","status":"publish","type":"page","link":"https:\/\/iicvarsavia.esteri.it\/it\/chi-siamo\/contatti\/","title":{"rendered":"Contatti"},"content":{"rendered":"<p><strong>Istituto Italiano di Cultura di Varsavia<\/strong><br \/>\nul. Marsza\u0142kowska 72<br \/>\n00-545 Varsavia &#8211; Polonia<br \/>\ntel: +48 22 6280610<\/p>\n<p>&nbsp;<\/p>\n<p><strong>Orari di apertura al pubblico<\/strong><\/p>\n<p><strong>SEGRETERIA<\/strong><\/p>\n<p style=\"text-align: justify;\">La segreteria riceve il pubblico:<\/p>\n<ul style=\"text-align: justify;\">\n<li>dal luned\u00ec al gioved\u00ec nelle ore 10.00-13.00 e 14.00-16,30<\/li>\n<li>il venerd\u00ec nelle ore 10.00-14.00<\/li>\n<\/ul>\n<p style=\"text-align: justify;\">e previo appuntamento, scrivendo ai seguenti indirizzi di posta elettronica:<\/p>\n<ul>\n<li style=\"text-align: justify;\">iicvarsavia@esteri.it (per gli eventi culturali)<\/li>\n<li style=\"text-align: justify;\">corsilingua.iicvarsavia@esteri.it (per i corsi di lingua e le certificazioni)<\/li>\n<\/ul>\n<p style=\"text-align: justify;\">o chiamando il seguente numero: +48 22 6280610 (int. 110 per gli eventi culturali; int. 105 per i corsi di lingua e certificazioni).<\/p>\n<p>&nbsp;<\/p>\n<p><strong>BIBLIOTECA <\/strong><\/p>\n<p>La biblioteca \u00e8 aperta al pubblico con il seguente orario:<\/p>\n<ul>\n<li>il luned\u00ec\u00a0 \u00a0 \u00a0 \u00a0 \u00a0 \u00a0 \u00a0 \u00a0 10.00-13.00 e 14.00-16.30<\/li>\n<li>il marted\u00ec\u00a0\u00a0\u00a0\u00a0\u00a0\u00a0\u00a0\u00a0\u00a0\u00a0\u00a0\u00a0 10.00-13.00 e 14.00-16.30<\/li>\n<li>il mercoled\u00ec\u00a0\u00a0\u00a0\u00a0\u00a0\u00a0\u00a0\u00a0 10.00-13.00 e 14.00-18.00<\/li>\n<li>il gioved\u00ec\u00a0 \u00a0 \u00a0 \u00a0 \u00a0 \u00a0 \u00a0 10.00-13.00 e 14.00-16.30<\/li>\n<li>il venerd\u00ec\u00a0\u00a0\u00a0\u00a0\u00a0\u00a0\u00a0\u00a0\u00a0\u00a0\u00a0\u00a0 10.00-13.00<\/li>\n<\/ul>\n<p style=\"text-align: justify;\">Per comunicazioni fuori dall\u2019orario di apertura, si prega di scrivere all\u2019indirizzo di posta elettronica della biblioteca (bibl.iicvarsavia@esteri.it) o di chiamare il seguente numero: +48 22 6280610 (int. 113).<\/p>\n<p>&nbsp;<\/p>\n<p><strong>Indirizzi e-mail e numeri di telefono<\/strong><\/p>\n<ul>\n<li><strong>Proposte e offerte di collaborazione<\/strong><\/li>\n<\/ul>\n<p>iicvarsavia@esteri.it<\/p>\n<p>&nbsp;<\/p>\n<ul>\n<li><strong>Segreteria<\/strong> (int. 110)<\/li>\n<\/ul>\n<p>segr.iicvarsavia@esteri.it<\/p>\n<p>&nbsp;<\/p>\n<ul>\n<li><strong>Segreteria corsi di lingua e certificazioni<\/strong> (int. 105)<\/li>\n<\/ul>\n<p>corsilingua.iicvarsavia@esteri.it<\/p>\n<p>&nbsp;<\/p>\n<ul>\n<li><strong>Biblioteca<\/strong> (int. 113)<\/li>\n<\/ul>\n<p>biblioteca.iicvarsavia@esteri.it<\/p>\n<p>&nbsp;<\/p>\n<ul>\n<li><strong>Scambi scientifico-culturali, contatti con la stampa, grafica e webmastering, informatizzazione<\/strong> (int. 108)<\/li>\n<\/ul>\n<p>&nbsp;<\/p>\n<ul>\n<li><strong>Amministrazione e contabilit\u00e0<\/strong> (int. 104)<\/li>\n<\/ul>\n<p>contabilita.iicvarsavia@esteri.it<\/p>\n<p>&nbsp;<\/p>\n<ul>\n<li><strong>Personale ausiliario<\/strong> (int. 101)<\/li>\n<\/ul>\n<p>&nbsp;<\/p>\n<p>&nbsp;<\/p>\n","protected":false},"excerpt":{"rendered":"Istituto Italiano di Cultura di Varsavia ul. Marsza\u0142kowska 72 00-545 Varsavia &#8211; Polonia tel: +48 22 6280610 &nbsp; Orari di apertura al pubblico SEGRETERIA La segreteria riceve il pubblico: dal luned\u00ec al gioved\u00ec nelle ore 10.00-13.00 e 14.00-16,30 il venerd\u00ec nelle ore 10.00-14.00 e previo appuntamento, scrivendo ai seguenti indirizzi di posta elettronica: iicvarsavia@esteri.it (per [&hellip;]","protected":false},"author":1,"featured_media":0,"parent":15,"menu_order":4,"comment_status":"closed","ping_status":"closed","template":"","meta":{"footnotes":""},"class_list":["post-41","page","type-page","status-publish","hentry"],"_links":{"self":[{"href":"https:\/\/iicvarsavia.esteri.it\/it\/wp-json\/wp\/v2\/pages\/41","targetHints":{"allow":["GET"]}}],"collection":[{"href":"https:\/\/iicvarsavia.esteri.it\/it\/wp-json\/wp\/v2\/pages"}],"about":[{"href":"https:\/\/iicvarsavia.esteri.it\/it\/wp-json\/wp\/v2\/types\/page"}],"author":[{"embeddable":true,"href":"https:\/\/iicvarsavia.esteri.it\/it\/wp-json\/wp\/v2\/users\/1"}],"replies":[{"embeddable":true,"href":"https:\/\/iicvarsavia.esteri.it\/it\/wp-json\/wp\/v2\/comments?post=41"}],"version-history":[{"count":6,"href":"https:\/\/iicvarsavia.esteri.it\/it\/wp-json\/wp\/v2\/pages\/41\/revisions"}],"predecessor-version":[{"id":14571,"href":"https:\/\/iicvarsavia.esteri.it\/it\/wp-json\/wp\/v2\/pages\/41\/revisions\/14571"}],"up":[{"embeddable":true,"href":"https:\/\/iicvarsavia.esteri.it\/it\/wp-json\/wp\/v2\/pages\/15"}],"wp:attachment":[{"href":"https:\/\/iicvarsavia.esteri.it\/it\/wp-json\/wp\/v2\/media?parent=41"}],"curies":[{"name":"wp","href":"https:\/\/api.w.org\/{rel}","templated":true}]}}