{"id":13632,"date":"2025-01-22T13:26:52","date_gmt":"2025-01-22T12:26:52","guid":{"rendered":"https:\/\/iicvarsavia.esteri.it\/chi-siamo\/contatti\/proposte-culturali\/"},"modified":"2025-03-11T15:12:35","modified_gmt":"2025-03-11T14:12:35","slug":"proposte-culturali","status":"publish","type":"page","link":"https:\/\/iicvarsavia.esteri.it\/pl\/chi-siamo\/contatti\/proposte-culturali\/","title":{"rendered":"Propozycje kulturalne"},"content":{"rendered":"<p>Osoby zainteresowane przes\u0142aniem propozycji kulturalnej do naszego Instytutu mog\u0105 przes\u0142a\u0107 zapytanie na adres: iicvarsavia@esteri.it.<\/p>\n<p>Zg\u0142oszenia wys\u0142ane na inne adresy e-mail, telefonicznie, osobi\u015bcie lub poczt\u0105 tradycyjn\u0105 nie b\u0119d\u0105 rozpatrywane. Ka\u017cda otrzymana propozycja jest analizowana przez w\u0142a\u015bciwy sektor.<\/p>\n<p>Otrzymane propozycje s\u0105 regularnie analizowane i, je\u015bli zostan\u0105 uznane za zgodne z rocznym planem Instytutu, skontaktujemy si\u0119 z wnioskodawcami w celu uzyskania niezb\u0119dnych informacji.<\/p>\n","protected":false},"excerpt":{"rendered":"Osoby zainteresowane przes\u0142aniem propozycji kulturalnej do naszego Instytutu mog\u0105 przes\u0142a\u0107 zapytanie na adres: iicvarsavia@esteri.it. Zg\u0142oszenia wys\u0142ane na inne adresy e-mail, telefonicznie, osobi\u015bcie lub poczt\u0105 tradycyjn\u0105 nie b\u0119d\u0105 rozpatrywane. Ka\u017cda otrzymana propozycja jest analizowana przez w\u0142a\u015bciwy sektor. Otrzymane propozycje s\u0105 regularnie analizowane i, je\u015bli zostan\u0105 uznane za zgodne z rocznym planem Instytutu, skontaktujemy si\u0119 z wnioskodawcami [&hellip;]","protected":false},"author":6,"featured_media":0,"parent":87,"menu_order":1,"comment_status":"closed","ping_status":"closed","template":"","meta":{"footnotes":""},"class_list":["post-13632","page","type-page","status-publish","hentry"],"_links":{"self":[{"href":"https:\/\/iicvarsavia.esteri.it\/pl\/wp-json\/wp\/v2\/pages\/13632","targetHints":{"allow":["GET"]}}],"collection":[{"href":"https:\/\/iicvarsavia.esteri.it\/pl\/wp-json\/wp\/v2\/pages"}],"about":[{"href":"https:\/\/iicvarsavia.esteri.it\/pl\/wp-json\/wp\/v2\/types\/page"}],"author":[{"embeddable":true,"href":"https:\/\/iicvarsavia.esteri.it\/pl\/wp-json\/wp\/v2\/users\/6"}],"replies":[{"embeddable":true,"href":"https:\/\/iicvarsavia.esteri.it\/pl\/wp-json\/wp\/v2\/comments?post=13632"}],"version-history":[{"count":1,"href":"https:\/\/iicvarsavia.esteri.it\/pl\/wp-json\/wp\/v2\/pages\/13632\/revisions"}],"predecessor-version":[{"id":13637,"href":"https:\/\/iicvarsavia.esteri.it\/pl\/wp-json\/wp\/v2\/pages\/13632\/revisions\/13637"}],"up":[{"embeddable":true,"href":"https:\/\/iicvarsavia.esteri.it\/pl\/wp-json\/wp\/v2\/pages\/87"}],"wp:attachment":[{"href":"https:\/\/iicvarsavia.esteri.it\/pl\/wp-json\/wp\/v2\/media?parent=13632"}],"curies":[{"name":"wp","href":"https:\/\/api.w.org\/{rel}","templated":true}]}}