{"id":13635,"date":"2025-01-22T13:29:55","date_gmt":"2025-01-22T12:29:55","guid":{"rendered":"https:\/\/iicvarsavia.esteri.it\/chi-siamo\/contatti\/tirocini-e-opportunita-lavorative\/"},"modified":"2026-02-16T10:39:54","modified_gmt":"2026-02-16T09:39:54","slug":"tirocini-e-opportunita-lavorative","status":"publish","type":"page","link":"https:\/\/iicvarsavia.esteri.it\/pl\/chi-siamo\/contatti\/tirocini-e-opportunita-lavorative\/","title":{"rendered":"Sta\u017ce i oferty pracy"},"content":{"rendered":"<p style=\"text-align: justify;\"><strong>Sta\u017ce<\/strong><br \/>\nW \u015bwietle zapis\u00f3w ministerialnych W\u0142oski Instytut Kultury w Warszawie przyjmuje sta\u017cyst\u00f3w wy\u0142\u0105cznie w ramach Porozumienia zawartego przez Ministerstwo Edukacji, Szkolnictwa Wy\u017cszego i Bada\u0144 Naukowych (MIUR), Fundacj\u0119 CRUI oraz Ministerstwo Spraw Zagranicznych i Wsp\u00f3\u0142pracy Mi\u0119dzynarodowej (MAECI). W zwi\u0105zku z tym mo\u017cliwe jest odbywanie praktyk w Instytucie wy\u0142\u0105cznie w ramach <strong>programu MAECI\/CRUI<\/strong>, zarezerwowanego dla W\u0142oskich Instytut\u00f3w Kultury, a tak\u017ce Ambasad i Konsulat\u00f3w W\u0142och.<\/p>\n<p style=\"text-align: justify;\">Realizuj\u0105c Konwencj\u0119, Fundacja CRUI publikuje na swojej <a href=\"https:\/\/www.fondazionecrui.it\/\"><u>stronie internetowej<\/u><\/a> zaproszenia do sk\u0142adania wniosk\u00f3w, zgodnie z \u00a0kt\u00f3rymi mo\u017cliwe jest ubieganie si\u0119 o sta\u017ce. Wi\u0119cej informacji mo\u017cna znale\u017a\u0107 na specjalnej stronie internetowej <a href=\"https:\/\/www.esteri.it\/it\/servizi-opportunita\/opportunita\/tirocinio_mae\/\"><u>Ministerstwa Spraw Zagranicznych i Wsp\u00f3\u0142pracy Mi\u0119dzynarodowej<\/u>.<\/a><\/p>\n<p style=\"text-align: justify;\"><strong>Mo\u017cliwo\u015b\u0107 pracy\u00a0 \u00a0 \u00a0 \u00a0 \u00a0 \u00a0 \u00a0 \u00a0 \u00a0 \u00a0 \u00a0 \u00a0 \u00a0 \u00a0 \u00a0 \u00a0 \u00a0 \u00a0 \u00a0 \u00a0 \u00a0 \u00a0 \u00a0 \u00a0 \u00a0 \u00a0 \u00a0 \u00a0 \u00a0 \u00a0 \u00a0 \u00a0 \u00a0 \u00a0 \u00a0 \u00a0 \u00a0 \u00a0 \u00a0 \u00a0 \u00a0 \u00a0 \u00a0 \u00a0 \u00a0 \u00a0 \u00a0 \u00a0 \u00a0 \u00a0 \u00a0 \u00a0 \u00a0 \u00a0 \u00a0 \u00a0 \u00a0 \u00a0 \u00a0 \u00a0 \u00a0 \u00a0 \u00a0 \u00a0 \u00a0 \u00a0 \u00a0 \u00a0 \u00a0 \u00a0 \u00a0 \u00a0 \u00a0 \u00a0 <\/strong>W\u0142oskie Instytuty Kultury za granic\u0105 zatrudniaj\u0105 pracownik\u00f3w wy\u0142\u0105cznie w drodze publicznego konkursu. Zaproszenia do sk\u0142adania wniosk\u00f3w s\u0105 regularnie publikowane na stronach interentowych Instytutu i Ambasady W\u0142och w Warszawie<\/p>\n","protected":false},"excerpt":{"rendered":"Sta\u017ce W \u015bwietle zapis\u00f3w ministerialnych W\u0142oski Instytut Kultury w Warszawie przyjmuje sta\u017cyst\u00f3w wy\u0142\u0105cznie w ramach Porozumienia zawartego przez Ministerstwo Edukacji, Szkolnictwa Wy\u017cszego i Bada\u0144 Naukowych (MIUR), Fundacj\u0119 CRUI oraz Ministerstwo Spraw Zagranicznych i Wsp\u00f3\u0142pracy Mi\u0119dzynarodowej (MAECI). W zwi\u0105zku z tym mo\u017cliwe jest odbywanie praktyk w Instytucie wy\u0142\u0105cznie w ramach programu MAECI\/CRUI, zarezerwowanego dla W\u0142oskich Instytut\u00f3w [&hellip;]","protected":false},"author":6,"featured_media":0,"parent":87,"menu_order":2,"comment_status":"closed","ping_status":"closed","template":"","meta":{"footnotes":""},"class_list":["post-13635","page","type-page","status-publish","hentry"],"_links":{"self":[{"href":"https:\/\/iicvarsavia.esteri.it\/pl\/wp-json\/wp\/v2\/pages\/13635","targetHints":{"allow":["GET"]}}],"collection":[{"href":"https:\/\/iicvarsavia.esteri.it\/pl\/wp-json\/wp\/v2\/pages"}],"about":[{"href":"https:\/\/iicvarsavia.esteri.it\/pl\/wp-json\/wp\/v2\/types\/page"}],"author":[{"embeddable":true,"href":"https:\/\/iicvarsavia.esteri.it\/pl\/wp-json\/wp\/v2\/users\/6"}],"replies":[{"embeddable":true,"href":"https:\/\/iicvarsavia.esteri.it\/pl\/wp-json\/wp\/v2\/comments?post=13635"}],"version-history":[{"count":6,"href":"https:\/\/iicvarsavia.esteri.it\/pl\/wp-json\/wp\/v2\/pages\/13635\/revisions"}],"predecessor-version":[{"id":18864,"href":"https:\/\/iicvarsavia.esteri.it\/pl\/wp-json\/wp\/v2\/pages\/13635\/revisions\/18864"}],"up":[{"embeddable":true,"href":"https:\/\/iicvarsavia.esteri.it\/pl\/wp-json\/wp\/v2\/pages\/87"}],"wp:attachment":[{"href":"https:\/\/iicvarsavia.esteri.it\/pl\/wp-json\/wp\/v2\/media?parent=13635"}],"curies":[{"name":"wp","href":"https:\/\/api.w.org\/{rel}","templated":true}]}}