{"id":13861,"date":"2025-01-23T12:14:08","date_gmt":"2025-01-23T11:14:08","guid":{"rendered":"https:\/\/iicvarsavia.esteri.it\/lingua-e-cultura\/borse-di-studio\/borse-istituto\/"},"modified":"2026-02-04T11:18:01","modified_gmt":"2026-02-04T10:18:01","slug":"borse-istituto","status":"publish","type":"page","link":"https:\/\/iicvarsavia.esteri.it\/pl\/lingua-e-cultura\/borse-di-studio\/borse-istituto\/","title":{"rendered":"Stypendia Instytutu"},"content":{"rendered":"<p style=\"text-align: justify;\">W\u0142oski Instytut Kultury w Warszawie dysponuje co roku ograniczon\u0105 liczb\u0105 stypendi\u00f3w przyznanych przez prywatne szko\u0142y j\u0119zykowe we W\u0142oszech. By ubiega\u0107 si\u0119 o takie dofinansowanie nale\u017cy z\u0142o\u017cy\u0107 podanie do sekretariatu kurs\u00f3w i certyfikat\u00f3w na adres <span style=\"text-decoration: underline;\">corsilingua.iicvarsavia@esteri.it<\/span> w okresie od 1 stycznia do ko\u0144ca lutego ka\u017cdego roku. Do podania, w kt\u00f3rym okre\u015bla si\u0119 r\u00f3wnie\u017c gdzie, kiedy i na jak d\u0142ugo chcia\u0142oby si\u0119 pojecha\u0107, nale\u017cy do\u0142\u0105czy\u0107 kr\u00f3tkie CV i list polecaj\u0105cy od swojego wyk\u0142adowcy j\u0119z. w\u0142oskiego. Dokumenty powinny by\u0107 napisane w j\u0119z. w\u0142oskim.<\/p>\n","protected":false},"excerpt":{"rendered":"W\u0142oski Instytut Kultury w Warszawie dysponuje co roku ograniczon\u0105 liczb\u0105 stypendi\u00f3w przyznanych przez prywatne szko\u0142y j\u0119zykowe we W\u0142oszech. By ubiega\u0107 si\u0119 o takie dofinansowanie nale\u017cy z\u0142o\u017cy\u0107 podanie do sekretariatu kurs\u00f3w i certyfikat\u00f3w na adres corsilingua.iicvarsavia@esteri.it w okresie od 1 stycznia do ko\u0144ca lutego ka\u017cdego roku. Do podania, w kt\u00f3rym okre\u015bla si\u0119 r\u00f3wnie\u017c gdzie, kiedy i [&hellip;]","protected":false},"author":6,"featured_media":0,"parent":90,"menu_order":1,"comment_status":"closed","ping_status":"closed","template":"","meta":{"footnotes":""},"class_list":["post-13861","page","type-page","status-publish","hentry"],"_links":{"self":[{"href":"https:\/\/iicvarsavia.esteri.it\/pl\/wp-json\/wp\/v2\/pages\/13861","targetHints":{"allow":["GET"]}}],"collection":[{"href":"https:\/\/iicvarsavia.esteri.it\/pl\/wp-json\/wp\/v2\/pages"}],"about":[{"href":"https:\/\/iicvarsavia.esteri.it\/pl\/wp-json\/wp\/v2\/types\/page"}],"author":[{"embeddable":true,"href":"https:\/\/iicvarsavia.esteri.it\/pl\/wp-json\/wp\/v2\/users\/6"}],"replies":[{"embeddable":true,"href":"https:\/\/iicvarsavia.esteri.it\/pl\/wp-json\/wp\/v2\/comments?post=13861"}],"version-history":[{"count":3,"href":"https:\/\/iicvarsavia.esteri.it\/pl\/wp-json\/wp\/v2\/pages\/13861\/revisions"}],"predecessor-version":[{"id":18683,"href":"https:\/\/iicvarsavia.esteri.it\/pl\/wp-json\/wp\/v2\/pages\/13861\/revisions\/18683"}],"up":[{"embeddable":true,"href":"https:\/\/iicvarsavia.esteri.it\/pl\/wp-json\/wp\/v2\/pages\/90"}],"wp:attachment":[{"href":"https:\/\/iicvarsavia.esteri.it\/pl\/wp-json\/wp\/v2\/media?parent=13861"}],"curies":[{"name":"wp","href":"https:\/\/api.w.org\/{rel}","templated":true}]}}