{"id":13863,"date":"2025-01-23T12:10:45","date_gmt":"2025-01-23T11:10:45","guid":{"rendered":"https:\/\/iicvarsavia.esteri.it\/lingua-e-cultura\/borse-di-studio\/borse-di-studio-offerte-dal-governo-italiano-a-studenti-stranieri\/"},"modified":"2026-04-03T10:45:23","modified_gmt":"2026-04-03T08:45:23","slug":"borse-di-studio-offerte-dal-governo-italiano-a-studenti-stranieri","status":"publish","type":"page","link":"https:\/\/iicvarsavia.esteri.it\/pl\/lingua-e-cultura\/borse-di-studio\/borse-di-studio-offerte-dal-governo-italiano-a-studenti-stranieri\/","title":{"rendered":"Stypendia oferowane przez rz\u0105d w\u0142oski studentom zagranicznym"},"content":{"rendered":"<p style=\"text-align: justify;\">Ministerstwo Spraw Zagranicznych i Wsp\u00f3\u0142pracy Mi\u0119dzynarodowej (MAECI) oferuje stypendia dla student\u00f3w zagranicznych w celu promowania wsp\u00f3\u0142pracy w dziedzinie kultury, nauki i technologii, projekcji systemu gospodarczego W\u0142och na \u015bwiecie oraz rozpowszechniania wiedzy o j\u0119zyku i kulturze w\u0142oskiej.<\/p>\n<p style=\"text-align: justify;\">Stypendia s\u0105 oferowane w celu odbycia studi\u00f3w, szkole\u0144 i\/lub program\u00f3w badawczych we w\u0142oskich instytucjach pa\u0144stwowych lub prawnie uznanych i obejmuj\u0105 wy\u0142\u0105cznie uczestnictwo w kursach stacjonarnych na terytorium W\u0142och.<\/p>\n<p>W roku akademickim 2026\/2027 termin sk\u0142adania wniosk\u00f3w up\u0142yn\u0105\u0142 26 marca 2026 r.<\/p>\n","protected":false},"excerpt":{"rendered":"Ministerstwo Spraw Zagranicznych i Wsp\u00f3\u0142pracy Mi\u0119dzynarodowej (MAECI) oferuje stypendia dla student\u00f3w zagranicznych w celu promowania wsp\u00f3\u0142pracy w dziedzinie kultury, nauki i technologii, projekcji systemu gospodarczego W\u0142och na \u015bwiecie oraz rozpowszechniania wiedzy o j\u0119zyku i kulturze w\u0142oskiej. Stypendia s\u0105 oferowane w celu odbycia studi\u00f3w, szkole\u0144 i\/lub program\u00f3w badawczych we w\u0142oskich instytucjach pa\u0144stwowych lub prawnie uznanych i [&hellip;]","protected":false},"author":17,"featured_media":0,"parent":90,"menu_order":2,"comment_status":"closed","ping_status":"closed","template":"","meta":{"footnotes":""},"class_list":["post-13863","page","type-page","status-publish","hentry"],"_links":{"self":[{"href":"https:\/\/iicvarsavia.esteri.it\/pl\/wp-json\/wp\/v2\/pages\/13863","targetHints":{"allow":["GET"]}}],"collection":[{"href":"https:\/\/iicvarsavia.esteri.it\/pl\/wp-json\/wp\/v2\/pages"}],"about":[{"href":"https:\/\/iicvarsavia.esteri.it\/pl\/wp-json\/wp\/v2\/types\/page"}],"author":[{"embeddable":true,"href":"https:\/\/iicvarsavia.esteri.it\/pl\/wp-json\/wp\/v2\/users\/17"}],"replies":[{"embeddable":true,"href":"https:\/\/iicvarsavia.esteri.it\/pl\/wp-json\/wp\/v2\/comments?post=13863"}],"version-history":[{"count":6,"href":"https:\/\/iicvarsavia.esteri.it\/pl\/wp-json\/wp\/v2\/pages\/13863\/revisions"}],"predecessor-version":[{"id":19658,"href":"https:\/\/iicvarsavia.esteri.it\/pl\/wp-json\/wp\/v2\/pages\/13863\/revisions\/19658"}],"up":[{"embeddable":true,"href":"https:\/\/iicvarsavia.esteri.it\/pl\/wp-json\/wp\/v2\/pages\/90"}],"wp:attachment":[{"href":"https:\/\/iicvarsavia.esteri.it\/pl\/wp-json\/wp\/v2\/media?parent=13863"}],"curies":[{"name":"wp","href":"https:\/\/api.w.org\/{rel}","templated":true}]}}