{"id":13866,"date":"2025-01-23T12:12:47","date_gmt":"2025-01-23T11:12:47","guid":{"rendered":"https:\/\/iicvarsavia.esteri.it\/lingua-e-cultura\/borse-di-studio\/contributi-per-visite-di-ricercatori-docenti-esperti-personalita-e-operatori-culturali\/"},"modified":"2026-04-22T10:10:06","modified_gmt":"2026-04-22T08:10:06","slug":"contributi-per-visite-di-ricercatori-docenti-esperti-personalita-e-operatori-culturali","status":"publish","type":"page","link":"https:\/\/iicvarsavia.esteri.it\/pl\/lingua-e-cultura\/borse-di-studio\/contributi-per-visite-di-ricercatori-docenti-esperti-personalita-e-operatori-culturali\/","title":{"rendered":"Dofinansowanie do podr\u00f3\u017cy badaczy , wyk\u0142adowc\u00f3w, ekspert\u00f3w, osobisto\u015bci i operator\u00f3w kulturalnych"},"content":{"rendered":"<p style=\"text-align: justify;\">W\u0142oski Instytut Kultury w Warszawie, dzi\u0119ki wsparciu Ministerstwa Spraw Zagranicznych i Wsp\u00f3\u0142pracy Mi\u0119dzynarodowej (MAECI), wspiera i zach\u0119ca do prowadzenia misji w Polsce i we W\u0142oszech w\u0142oskich i polskich badaczy, nauczycieli, ekspert\u00f3w, osobisto\u015bci \u015bwiata kultury i podmioty dzia\u0142aj\u0105ce w dziedzinie kultury. G\u0142\u00f3wnym celem finansowania jest wspieranie rozwoju partnerstwa strategicznego, projekt\u00f3w kulturalnych i naukowych mi\u0119dzy polskimi i w\u0142oskimi instytucjami w perspektywie \u015brednio- i d\u0142ugoterminowej.<\/p>\n<p><strong>Na rok 2026 termin sk\u0142adania wniosk\u00f3w up\u0142ywa 23 lipca.<\/strong><\/p>\n<p><a href=\"https:\/\/iicvarsavia.esteri.it\/wp-content\/uploads\/2026\/04\/3021712-2.docx\"><strong>Formularze wniosk\u00f3w o dofinansowanie<\/strong><\/a><\/p>\n<p>Aby uzyska\u0107 wi\u0119cej informacji, kliknij <a href=\"https:\/\/iicvarsavia.esteri.it\/pl\/news\/dall_istituto\/2026\/04\/contributi-per-visite-di-ricercatori-docenti-esperti-personalita-della-cultura-e-operatori-culturali-2026\/\">tutaj<\/a>.<\/p>\n","protected":false},"excerpt":{"rendered":"W\u0142oski Instytut Kultury w Warszawie, dzi\u0119ki wsparciu Ministerstwa Spraw Zagranicznych i Wsp\u00f3\u0142pracy Mi\u0119dzynarodowej (MAECI), wspiera i zach\u0119ca do prowadzenia misji w Polsce i we W\u0142oszech w\u0142oskich i polskich badaczy, nauczycieli, ekspert\u00f3w, osobisto\u015bci \u015bwiata kultury i podmioty dzia\u0142aj\u0105ce w dziedzinie kultury. G\u0142\u00f3wnym celem finansowania jest wspieranie rozwoju partnerstwa strategicznego, projekt\u00f3w kulturalnych i naukowych mi\u0119dzy polskimi i [&hellip;]","protected":false},"author":17,"featured_media":0,"parent":90,"menu_order":3,"comment_status":"closed","ping_status":"closed","template":"","meta":{"footnotes":""},"class_list":["post-13866","page","type-page","status-publish","hentry"],"_links":{"self":[{"href":"https:\/\/iicvarsavia.esteri.it\/pl\/wp-json\/wp\/v2\/pages\/13866","targetHints":{"allow":["GET"]}}],"collection":[{"href":"https:\/\/iicvarsavia.esteri.it\/pl\/wp-json\/wp\/v2\/pages"}],"about":[{"href":"https:\/\/iicvarsavia.esteri.it\/pl\/wp-json\/wp\/v2\/types\/page"}],"author":[{"embeddable":true,"href":"https:\/\/iicvarsavia.esteri.it\/pl\/wp-json\/wp\/v2\/users\/17"}],"replies":[{"embeddable":true,"href":"https:\/\/iicvarsavia.esteri.it\/pl\/wp-json\/wp\/v2\/comments?post=13866"}],"version-history":[{"count":6,"href":"https:\/\/iicvarsavia.esteri.it\/pl\/wp-json\/wp\/v2\/pages\/13866\/revisions"}],"predecessor-version":[{"id":19856,"href":"https:\/\/iicvarsavia.esteri.it\/pl\/wp-json\/wp\/v2\/pages\/13866\/revisions\/19856"}],"up":[{"embeddable":true,"href":"https:\/\/iicvarsavia.esteri.it\/pl\/wp-json\/wp\/v2\/pages\/90"}],"wp:attachment":[{"href":"https:\/\/iicvarsavia.esteri.it\/pl\/wp-json\/wp\/v2\/media?parent=13866"}],"curies":[{"name":"wp","href":"https:\/\/api.w.org\/{rel}","templated":true}]}}