{"id":84,"date":"2023-04-03T20:29:59","date_gmt":"2023-04-03T18:29:59","guid":{"rendered":"https:\/\/iicvarsavia.esteri.it\/chi-siamo\/"},"modified":"2026-02-16T11:21:18","modified_gmt":"2026-02-16T10:21:18","slug":"chi-siamo","status":"publish","type":"page","link":"https:\/\/iicvarsavia.esteri.it\/pl\/chi-siamo\/","title":{"rendered":"Kim jeste\u015bmy"},"content":{"rendered":"<p style=\"text-align: justify;\"><strong><img loading=\"lazy\" decoding=\"async\" class=\"size-medium wp-image-11944 img-fluid aligncenter\" src=\"https:\/\/iicvarsavia.esteri.it\/wp-content\/uploads\/2024\/10\/IIC-colore-varsavia-300x167.jpg\" alt=\"\" width=\"300\" height=\"167\" srcset=\"https:\/\/iicvarsavia.esteri.it\/wp-content\/uploads\/2024\/10\/IIC-colore-varsavia-300x167.jpg 300w, https:\/\/iicvarsavia.esteri.it\/wp-content\/uploads\/2024\/10\/IIC-colore-varsavia-768x428.jpg 768w, https:\/\/iicvarsavia.esteri.it\/wp-content\/uploads\/2024\/10\/IIC-colore-varsavia.jpg 794w\" sizes=\"auto, (max-width: 300px) 100vw, 300px\" \/><\/strong><\/p>\n<p>&nbsp;<\/p>\n<p style=\"text-align: justify;\"><strong>W\u0142oski Instytut Kultury w Warszawie<\/strong>, oficjalnym jest organem Ministerstwa Spraw Zagranicznych i Wsp\u00f3\u0142pracy Mi\u0119dzynarodowej, kt\u00f3rego zadaniem jest promocja i popularyzacja j\u0119zyka i kultury w\u0142oskiej w Polsce poprzez organizacj\u0119 wydarze\u0144 i dzia\u0142alno\u015bci kulturalnych.\u00a0 Dlatego te\u017c Instytut organizuje kursy j\u0119zyka, jak r\u00f3wnie\u017c, co roku, organizuje koncerty, pokazy film\u00f3w, spektakle teatralne, konferencje, jak r\u00f3wnie\u017c r\u00f3\u017cnego rodzaju wystawy.<\/p>\n<p>&nbsp;<\/p>\n<p style=\"text-align: justify;\"><strong>Us\u0142ugi<\/strong><\/p>\n<p>W\u0142oski Instytut Kultury w Warszawie oferuje interesantom nast\u0119puj\u0105ce us\u0142ugi:<\/p>\n<ul>\n<li>kursy j\u0119zyka w\u0142oskiego i kultury w\u0142oskiej\u00a0prowadzone przez wykwalifikowanych nauczycieli;<\/li>\n<li>dwie sesje\u00a0egzamin\u00f3w\u00a0pozwalaj\u0105cych na uzyskanie dyplomu znajomo\u015bci j\u0119zyka w\u0142oskiego jako j\u0119zyka obcego;<\/li>\n<li>bibliotek\u0119\u00a0w\u0142osk\u0105 do dyspozycji uczni\u00f3w i os\u00f3b zapisanych w celu przegl\u0105dania i wypo\u017cyczania ksi\u0105\u017cek, p\u0142yt CD, DVD oraz w\u0142oskiej prasy;<\/li>\n<li>serwis informacyjny i gromadzenie materia\u0142\u00f3w\u00a0o W\u0142oszech dotycz\u0105cych kultury.<\/li>\n<\/ul>\n<p>&nbsp;<\/p>\n<p style=\"text-align: justify;\"><strong>Wsp\u00f3\u0142praca<\/strong><\/p>\n<p>Co si\u0119 tyczy koncert\u00f3w, niekt\u00f3rych wystaw sztuki i najbardziej znacz\u0105cych wydarze\u0144, Instytut wsp\u00f3\u0142pracuje z takimi\u00a0instytucjami artystycznymi i lokalnymi muzeami\u00a0jak Zamek Kr\u00f3lewski, Filharmonia Narodowa, Teatr Wielki-Opera Narodowa, Pa\u0142ac Kultury i Nauki oraz z wieloma instytucjami podlegaj\u0105cymi Polskiemu Ministerstwu Kultury i Dziedzictwa Narodowego oraz Urz\u0119dowi m. st. Warszawy.<\/p>\n<p>W\u0142oski Instytut Kultury w Warszawie, w ramach swoich kompetencji terytorialnych, wsp\u00f3\u0142pracuje co jaki\u015b czas z o\u015brodkami kulturalnymi znajduj\u0105cymi si\u0119 w innych miastach, takich jak\u00a0\u0141\u00f3d\u017a,\u00a0Lublin,\u00a0Pozna\u0144,\u00a0Gda\u0144sk\u00a0i\u00a0Toru\u0144.<\/p>\n<p>&nbsp;<\/p>\n<p><strong>Kompetencje terytorialne<\/strong><\/p>\n<p><img loading=\"lazy\" decoding=\"async\" class=\"alignnone size-medium wp-image-13444 img-fluid\" src=\"https:\/\/iicvarsavia.esteri.it\/wp-content\/uploads\/2025\/01\/Copia-di-Black-and-White-Geometric-Join-Our-Weekly-Newsletter-Instagram-Post-5-300x300.png\" alt=\"\" width=\"300\" height=\"300\" srcset=\"https:\/\/iicvarsavia.esteri.it\/wp-content\/uploads\/2025\/01\/Copia-di-Black-and-White-Geometric-Join-Our-Weekly-Newsletter-Instagram-Post-5-300x300.png 300w, https:\/\/iicvarsavia.esteri.it\/wp-content\/uploads\/2025\/01\/Copia-di-Black-and-White-Geometric-Join-Our-Weekly-Newsletter-Instagram-Post-5-1024x1024.png 1024w, https:\/\/iicvarsavia.esteri.it\/wp-content\/uploads\/2025\/01\/Copia-di-Black-and-White-Geometric-Join-Our-Weekly-Newsletter-Instagram-Post-5-150x150.png 150w, https:\/\/iicvarsavia.esteri.it\/wp-content\/uploads\/2025\/01\/Copia-di-Black-and-White-Geometric-Join-Our-Weekly-Newsletter-Instagram-Post-5-768x768.png 768w, https:\/\/iicvarsavia.esteri.it\/wp-content\/uploads\/2025\/01\/Copia-di-Black-and-White-Geometric-Join-Our-Weekly-Newsletter-Instagram-Post-5.png 1080w\" sizes=\"auto, (max-width: 300px) 100vw, 300px\" \/><\/p>\n","protected":false},"excerpt":{"rendered":"&nbsp; W\u0142oski Instytut Kultury w Warszawie, oficjalnym jest organem Ministerstwa Spraw Zagranicznych i Wsp\u00f3\u0142pracy Mi\u0119dzynarodowej, kt\u00f3rego zadaniem jest promocja i popularyzacja j\u0119zyka i kultury w\u0142oskiej w Polsce poprzez organizacj\u0119 wydarze\u0144 i dzia\u0142alno\u015bci kulturalnych.\u00a0 Dlatego te\u017c Instytut organizuje kursy j\u0119zyka, jak r\u00f3wnie\u017c, co roku, organizuje koncerty, pokazy film\u00f3w, spektakle teatralne, konferencje, jak r\u00f3wnie\u017c r\u00f3\u017cnego rodzaju wystawy. [&hellip;]","protected":false},"author":1,"featured_media":0,"parent":0,"menu_order":2,"comment_status":"closed","ping_status":"closed","template":"","meta":{"footnotes":""},"class_list":["post-84","page","type-page","status-publish","hentry"],"_links":{"self":[{"href":"https:\/\/iicvarsavia.esteri.it\/pl\/wp-json\/wp\/v2\/pages\/84","targetHints":{"allow":["GET"]}}],"collection":[{"href":"https:\/\/iicvarsavia.esteri.it\/pl\/wp-json\/wp\/v2\/pages"}],"about":[{"href":"https:\/\/iicvarsavia.esteri.it\/pl\/wp-json\/wp\/v2\/types\/page"}],"author":[{"embeddable":true,"href":"https:\/\/iicvarsavia.esteri.it\/pl\/wp-json\/wp\/v2\/users\/1"}],"replies":[{"embeddable":true,"href":"https:\/\/iicvarsavia.esteri.it\/pl\/wp-json\/wp\/v2\/comments?post=84"}],"version-history":[{"count":7,"href":"https:\/\/iicvarsavia.esteri.it\/pl\/wp-json\/wp\/v2\/pages\/84\/revisions"}],"predecessor-version":[{"id":17986,"href":"https:\/\/iicvarsavia.esteri.it\/pl\/wp-json\/wp\/v2\/pages\/84\/revisions\/17986"}],"wp:attachment":[{"href":"https:\/\/iicvarsavia.esteri.it\/pl\/wp-json\/wp\/v2\/media?parent=84"}],"curies":[{"name":"wp","href":"https:\/\/api.w.org\/{rel}","templated":true}]}}