{"id":85,"date":"2023-04-03T20:54:50","date_gmt":"2023-04-03T18:54:50","guid":{"rendered":"https:\/\/iicvarsavia.esteri.it\/chi-siamo\/il-personale\/"},"modified":"2024-08-27T16:44:32","modified_gmt":"2024-08-27T14:44:32","slug":"il-personale","status":"publish","type":"page","link":"https:\/\/iicvarsavia.esteri.it\/pl\/chi-siamo\/il-personale\/","title":{"rendered":"Personel"},"content":{"rendered":"<p><strong><span class=\"titoloRosso\">Dyrektor<\/span><\/strong><br \/>\nFabio Troisi<br \/>\n<a href=\"mailto:direttore.iicvarsavia@esteri.it\">direttore.iicvarsavia@esteri.it<\/a><\/p>\n<p><strong>Attach\u00e9 ds. kultury<\/strong><br \/>\nIlaria Taddeo<\/p>\n<p><strong>Sekretariat<br \/>\n<\/strong>Karolina Sta\u0144czyk<br \/>\nwewn. 110<br \/>\nkom. 786802263<br \/>\n<a href=\"mailto:segreteria.iicvarsavia@esteri.it\">segreteria.iicvarsavia@esteri.it<\/a><\/p>\n<p><span class=\"titoloRosso\"><strong>Sekreteriat kurs\u00f3w j\u0119zykowych i certyfikat\u00f3w<\/strong><br \/>\nMonika Kopicka<br \/>\nwewn. 105<br \/>\nkom. 508802879<br \/>\n<a href=\"mailto:corsilingua.iicvarsavia@esteri.it\">corsilingua.iicvarsavia@esteri.it<\/a><\/span><\/p>\n<p><span class=\"titoloRosso\"><strong>Biblioteka<\/strong><\/span><br \/>\nJanusz Sochacki<br \/>\nwewn. 113<br \/>\n<a href=\"mailto:biblioteca.iicvarsavia@esteri.it\">biblioteca.iicvarsavia@esteri.it<\/a><\/p>\n<p><span class=\"titoloRosso\"><strong>Wymiana kulturalno-naukowa, kontakty z pras\u0105, grafika i webmastering, informatyzacja<\/strong><br \/>\n<\/span><a href=\"mailto:paolo.gesumunno.iic@esteri.it\">Paolo Gesumunno<\/a><br \/>\nwewn. 107<br \/>\nkom. 508803724<\/p>\n<p><strong><span class=\"titoloRosso\">Administracja i ksi\u0119gowo\u015b\u0107<\/span><\/strong><br \/>\nGennaro Canfora<br \/>\nwewn. 104<br \/>\nkom. 508802878<br \/>\n<a href=\"mailto:contabilita.iicvarsavia@esteri.it\">contabilita.iicvarsavia@esteri.it<\/a><\/p>\n<p><strong><span class=\"titoloRosso\">Personel pomocniczy<br \/>\n<\/span><\/strong>Andrea Guerrieri<br \/>\nwewn. 101<\/p>\n<p><strong>Propozycje i oferty wsp\u00f3\u0142pracy<\/strong><br \/>\n<a href=\"mailto:iicvarsavia@esteri.it\">iicvarsavia@esteri.it<\/a><\/p>\n","protected":false},"excerpt":{"rendered":"Dyrektor Fabio Troisi direttore.iicvarsavia@esteri.it Attach\u00e9 ds. kultury Ilaria Taddeo Sekretariat Karolina Sta\u0144czyk wewn. 110 kom. 786802263 segreteria.iicvarsavia@esteri.it Sekreteriat kurs\u00f3w j\u0119zykowych i certyfikat\u00f3w Monika Kopicka wewn. 105 kom. 508802879 corsilingua.iicvarsavia@esteri.it Biblioteka Janusz Sochacki wewn. 113 biblioteca.iicvarsavia@esteri.it Wymiana kulturalno-naukowa, kontakty z pras\u0105, grafika i webmastering, informatyzacja Paolo Gesumunno wewn. 107 kom. 508803724 Administracja i ksi\u0119gowo\u015b\u0107 Gennaro Canfora [&hellip;]","protected":false},"author":1,"featured_media":0,"parent":84,"menu_order":0,"comment_status":"closed","ping_status":"closed","template":"","meta":{"footnotes":""},"class_list":["post-85","page","type-page","status-publish","hentry"],"_links":{"self":[{"href":"https:\/\/iicvarsavia.esteri.it\/pl\/wp-json\/wp\/v2\/pages\/85","targetHints":{"allow":["GET"]}}],"collection":[{"href":"https:\/\/iicvarsavia.esteri.it\/pl\/wp-json\/wp\/v2\/pages"}],"about":[{"href":"https:\/\/iicvarsavia.esteri.it\/pl\/wp-json\/wp\/v2\/types\/page"}],"author":[{"embeddable":true,"href":"https:\/\/iicvarsavia.esteri.it\/pl\/wp-json\/wp\/v2\/users\/1"}],"replies":[{"embeddable":true,"href":"https:\/\/iicvarsavia.esteri.it\/pl\/wp-json\/wp\/v2\/comments?post=85"}],"version-history":[{"count":6,"href":"https:\/\/iicvarsavia.esteri.it\/pl\/wp-json\/wp\/v2\/pages\/85\/revisions"}],"predecessor-version":[{"id":11532,"href":"https:\/\/iicvarsavia.esteri.it\/pl\/wp-json\/wp\/v2\/pages\/85\/revisions\/11532"}],"up":[{"embeddable":true,"href":"https:\/\/iicvarsavia.esteri.it\/pl\/wp-json\/wp\/v2\/pages\/84"}],"wp:attachment":[{"href":"https:\/\/iicvarsavia.esteri.it\/pl\/wp-json\/wp\/v2\/media?parent=85"}],"curies":[{"name":"wp","href":"https:\/\/api.w.org\/{rel}","templated":true}]}}