{"id":87,"date":"2023-04-03T20:55:21","date_gmt":"2023-04-03T18:55:21","guid":{"rendered":"https:\/\/iicvarsavia.esteri.it\/chi-siamo\/contatti\/"},"modified":"2026-04-23T11:27:01","modified_gmt":"2026-04-23T09:27:01","slug":"contatti","status":"publish","type":"page","link":"https:\/\/iicvarsavia.esteri.it\/pl\/chi-siamo\/contatti\/","title":{"rendered":"Kontakt"},"content":{"rendered":"<p><strong>W\u0142oski Instytut Kultury w Warszawie<br \/>\n<\/strong>ul. Marsza\u0142kowska 72<br \/>\n00-545 Warszawa &#8211; Polska<br \/>\ntel: +48 22 6280610<\/p>\n<p>&nbsp;<\/p>\n<p><strong>Godziny otwarcia dla publiczno\u015bci<\/strong><\/p>\n<p><strong>SEKRETARIAT<\/strong><\/p>\n<p>Sekretariat jest otwarty dla publiczno\u015bci:<\/p>\n<ul>\n<li>od poniedzia\u0142ku do czwartku w godz. 10.00-13.00 i 14.00-16.30<\/li>\n<li>w pi\u0105tek w godz. 10.00-14.00<\/li>\n<\/ul>\n<p>jak r\u00f3wnie\u017c po wcz\u0119\u015bniej um\u00f3wionym spotkaniu, pisz\u0105c na adres poczty elektornicznej:<\/p>\n<ul>\n<li>segr.iicvarsavia@esteri.it (w sprawie wydarze\u0144 kulturalnych)<\/li>\n<li>corsilingua.iicvarsavia@esteri.it\u00a0 (w sprawie kurs\u00f3w j\u0119zykowych i certyfikat\u00f3w)<\/li>\n<\/ul>\n<p>mo\u017cna r\u00f3wnie\u017c dzwoni\u0107\u00a0 pod numer: +48 22 6280610 (wew. 110 w sprawie wydarze\u0144 kulturalnych; wew. 105 w sprawie kurs\u00f3w j\u0119zykowych i certyfikat\u00f3w).<\/p>\n<p>Propozycje i oferty wsp\u00f3\u0142pracy prosimy przes\u0142a\u0107 na adres: iicvarsavia@esteri.it<\/p>\n<p>&nbsp;<\/p>\n<p><strong>BIBLIOTEKA <\/strong><\/p>\n<p style=\"text-align: justify;\">Biblioteka jest otwarta dla publiczno\u015bci w nast\u0119puj\u0105cych godzinach:<\/p>\n<ul>\n<li>w poniedzia\u0142ki \u00a0\u00a0\u00a0\u00a0\u00a0\u00a0\u00a0\u00a0\u00a0\u00a0 10.00-13.00 i 14.00-16.30<\/li>\n<li>w wtorki\u00a0 \u00a0 \u00a0 \u00a0 \u00a0 \u00a0 \u00a0 \u00a0 \u00a0 \u00a0 \u00a0 \u00a010.00-13.00 i 14.00-16.30<\/li>\n<li>w \u015brody\u00a0 \u00a0 \u00a0 \u00a0 \u00a0 \u00a0 \u00a0 \u00a0 \u00a0 \u00a0 \u00a0 \u00a0 10.00-13.00 i 14.00-18.00<\/li>\n<li>w czwartki\u00a0 \u00a0 \u00a0 \u00a0 \u00a0 \u00a0 \u00a0 \u00a0 \u00a0 \u00a010.00-13.00 i 14.00-16.30<\/li>\n<li>w pi\u0105tki\u00a0 \u00a0 \u00a0 \u00a0 \u00a0 \u00a0 \u00a0 \u00a0 \u00a0 \u00a0 \u00a0 \u00a0 \u00a010.00-13.00<\/li>\n<\/ul>\n<p style=\"text-align: justify;\">W przypadku komunikacji poza godzinami otwarcia prosimy pisa\u0107 na adres e-mail biblioteki (bibl.iicvarsavia@esteri.it) lub dzwoni\u0107 pod numer: +48 22 6280610 (wew. 113)<\/p>\n<p>&nbsp;<\/p>\n<p><strong>Adresy e-mail i numery telefoniczne<\/strong><\/p>\n<ul>\n<li><strong>Propozycje i oferty wsp\u00f3\u0142pracy<\/strong><\/li>\n<\/ul>\n<p>iicvarsavia@esteri.it<\/p>\n<p>&nbsp;<\/p>\n<ul>\n<li><strong>Sekretariat <\/strong>(wew. 110)<\/li>\n<\/ul>\n<p>segr.iicvarsavia@esteri.it<\/p>\n<p>&nbsp;<\/p>\n<ul>\n<li><strong>Sekretariat kurs\u00f3w i certyfikat\u00f3w <\/strong>(wew. 105)<\/li>\n<\/ul>\n<p>corsilingua.iicvarsavia@esteri.it<\/p>\n<p>&nbsp;<\/p>\n<ul>\n<li><strong>Biblioteka <\/strong>(wew. 113)<\/li>\n<\/ul>\n<p>biblioteca.iicvarsavia@esteri.it<\/p>\n<p>&nbsp;<\/p>\n<ul>\n<li><strong>Wymiana naukowo-kulturalna, kontakty z pras\u0105, grafika i webmastering, komputeryzacja <\/strong>(wew. 108)<\/li>\n<\/ul>\n<p>&nbsp;<\/p>\n<ul>\n<li><strong>Administracja i ksi\u0119gowo\u015b\u0107 <\/strong>(wew. 104)<\/li>\n<\/ul>\n<p>contabilita.iicvarsavia@esteri.it<\/p>\n<p>&nbsp;<\/p>\n<ul>\n<li><strong>Personel pomocniczy <\/strong>(wew. 101)<\/li>\n<\/ul>\n","protected":false},"excerpt":{"rendered":"W\u0142oski Instytut Kultury w Warszawie ul. Marsza\u0142kowska 72 00-545 Warszawa &#8211; Polska tel: +48 22 6280610 &nbsp; Godziny otwarcia dla publiczno\u015bci SEKRETARIAT Sekretariat jest otwarty dla publiczno\u015bci: od poniedzia\u0142ku do czwartku w godz. 10.00-13.00 i 14.00-16.30 w pi\u0105tek w godz. 10.00-14.00 jak r\u00f3wnie\u017c po wcz\u0119\u015bniej um\u00f3wionym spotkaniu, pisz\u0105c na adres poczty elektornicznej: segr.iicvarsavia@esteri.it (w sprawie [&hellip;]","protected":false},"author":1,"featured_media":0,"parent":84,"menu_order":4,"comment_status":"closed","ping_status":"closed","template":"","meta":{"footnotes":""},"class_list":["post-87","page","type-page","status-publish","hentry"],"_links":{"self":[{"href":"https:\/\/iicvarsavia.esteri.it\/pl\/wp-json\/wp\/v2\/pages\/87","targetHints":{"allow":["GET"]}}],"collection":[{"href":"https:\/\/iicvarsavia.esteri.it\/pl\/wp-json\/wp\/v2\/pages"}],"about":[{"href":"https:\/\/iicvarsavia.esteri.it\/pl\/wp-json\/wp\/v2\/types\/page"}],"author":[{"embeddable":true,"href":"https:\/\/iicvarsavia.esteri.it\/pl\/wp-json\/wp\/v2\/users\/1"}],"replies":[{"embeddable":true,"href":"https:\/\/iicvarsavia.esteri.it\/pl\/wp-json\/wp\/v2\/comments?post=87"}],"version-history":[{"count":7,"href":"https:\/\/iicvarsavia.esteri.it\/pl\/wp-json\/wp\/v2\/pages\/87\/revisions"}],"predecessor-version":[{"id":19889,"href":"https:\/\/iicvarsavia.esteri.it\/pl\/wp-json\/wp\/v2\/pages\/87\/revisions\/19889"}],"up":[{"embeddable":true,"href":"https:\/\/iicvarsavia.esteri.it\/pl\/wp-json\/wp\/v2\/pages\/84"}],"wp:attachment":[{"href":"https:\/\/iicvarsavia.esteri.it\/pl\/wp-json\/wp\/v2\/media?parent=87"}],"curies":[{"name":"wp","href":"https:\/\/api.w.org\/{rel}","templated":true}]}}