{"id":89,"date":"2023-04-03T20:55:37","date_gmt":"2023-04-03T18:55:37","guid":{"rendered":"https:\/\/iicvarsavia.esteri.it\/lingua-e-cultura\/i-corsi-di-lingua\/"},"modified":"2026-01-27T13:11:53","modified_gmt":"2026-01-27T12:11:53","slug":"i-corsi-di-lingua","status":"publish","type":"page","link":"https:\/\/iicvarsavia.esteri.it\/pl\/lingua-e-cultura\/i-corsi-di-lingua\/","title":{"rendered":"Kursy j\u0119zykowe"},"content":{"rendered":"<p>W\u0142oski Instytut Kultury w Warszawie proponuje kursy j\u0119zyka w\u0142oskiego w systemie semestralnym.<\/p>\n<p>Proponowane kursy:<\/p>\n<ul>\n<li>Obejmuj\u0105 wszystkie poziomy Quadro Comune di Riferimento Europeo (CEFR), od A1 do C2;<\/li>\n<li>Zar\u00f3wno grupowe jak i indywidualne;<\/li>\n<li>Odbywaj\u0105 si\u0119 w salach siedziby lub on-line;<\/li>\n<li>Skierowane s\u0105 do os\u00f3b doros\u0142ych, jak r\u00f3wnie\u017c do dzieci od lat 6 do 11.<\/li>\n<\/ul>\n<p>By uzyska wi\u0119cej informacji prosimy skonsultowa\u0107 stron\u0119 po\u015bwi\u0119con\u0105 kursom i zapisom online\u00a0 w poni\u017cszym linku <a href=\"http:\/\/iscrizioni.iicvarsavia.aspnet.pl\">tutaj<\/a>.<\/p>\n<p>&nbsp;<\/p>\n","protected":false},"excerpt":{"rendered":"W\u0142oski Instytut Kultury w Warszawie proponuje kursy j\u0119zyka w\u0142oskiego w systemie semestralnym. Proponowane kursy: Obejmuj\u0105 wszystkie poziomy Quadro Comune di Riferimento Europeo (CEFR), od A1 do C2; Zar\u00f3wno grupowe jak i indywidualne; Odbywaj\u0105 si\u0119 w salach siedziby lub on-line; Skierowane s\u0105 do os\u00f3b doros\u0142ych, jak r\u00f3wnie\u017c do dzieci od lat 6 do 11. By uzyska [&hellip;]","protected":false},"author":1,"featured_media":0,"parent":88,"menu_order":0,"comment_status":"closed","ping_status":"closed","template":"","meta":{"footnotes":""},"class_list":["post-89","page","type-page","status-publish","hentry"],"_links":{"self":[{"href":"https:\/\/iicvarsavia.esteri.it\/pl\/wp-json\/wp\/v2\/pages\/89","targetHints":{"allow":["GET"]}}],"collection":[{"href":"https:\/\/iicvarsavia.esteri.it\/pl\/wp-json\/wp\/v2\/pages"}],"about":[{"href":"https:\/\/iicvarsavia.esteri.it\/pl\/wp-json\/wp\/v2\/types\/page"}],"author":[{"embeddable":true,"href":"https:\/\/iicvarsavia.esteri.it\/pl\/wp-json\/wp\/v2\/users\/1"}],"replies":[{"embeddable":true,"href":"https:\/\/iicvarsavia.esteri.it\/pl\/wp-json\/wp\/v2\/comments?post=89"}],"version-history":[{"count":6,"href":"https:\/\/iicvarsavia.esteri.it\/pl\/wp-json\/wp\/v2\/pages\/89\/revisions"}],"predecessor-version":[{"id":15761,"href":"https:\/\/iicvarsavia.esteri.it\/pl\/wp-json\/wp\/v2\/pages\/89\/revisions\/15761"}],"up":[{"embeddable":true,"href":"https:\/\/iicvarsavia.esteri.it\/pl\/wp-json\/wp\/v2\/pages\/88"}],"wp:attachment":[{"href":"https:\/\/iicvarsavia.esteri.it\/pl\/wp-json\/wp\/v2\/media?parent=89"}],"curies":[{"name":"wp","href":"https:\/\/api.w.org\/{rel}","templated":true}]}}