{"id":90,"date":"2023-04-03T20:55:55","date_gmt":"2023-04-03T18:55:55","guid":{"rendered":"https:\/\/iicvarsavia.esteri.it\/lingua-e-cultura\/borse-di-studio\/"},"modified":"2025-02-19T12:43:48","modified_gmt":"2025-02-19T11:43:48","slug":"borse-di-studio","status":"publish","type":"page","link":"https:\/\/iicvarsavia.esteri.it\/pl\/lingua-e-cultura\/borse-di-studio\/","title":{"rendered":"Stypendia"},"content":{"rendered":"<p>W tej sekcji mo\u017cna r\u00f3wnie\u017c zapozna\u0107 si\u0119 z informacjami na temat stypendi\u00f3w dla student\u00f3w j\u0119zyka w\u0142oskiego i student\u00f3w zagranicznych mieszkaj\u0105cych we W\u0142oszech oraz dofinasowania dla misji naukowych i badawczych.<\/p>\n","protected":false},"excerpt":{"rendered":"W tej sekcji mo\u017cna r\u00f3wnie\u017c zapozna\u0107 si\u0119 z informacjami na temat stypendi\u00f3w dla student\u00f3w j\u0119zyka w\u0142oskiego i student\u00f3w zagranicznych mieszkaj\u0105cych we W\u0142oszech oraz dofinasowania dla misji naukowych i badawczych.","protected":false},"author":1,"featured_media":0,"parent":88,"menu_order":2,"comment_status":"closed","ping_status":"closed","template":"","meta":{"footnotes":""},"class_list":["post-90","page","type-page","status-publish","hentry"],"_links":{"self":[{"href":"https:\/\/iicvarsavia.esteri.it\/pl\/wp-json\/wp\/v2\/pages\/90","targetHints":{"allow":["GET"]}}],"collection":[{"href":"https:\/\/iicvarsavia.esteri.it\/pl\/wp-json\/wp\/v2\/pages"}],"about":[{"href":"https:\/\/iicvarsavia.esteri.it\/pl\/wp-json\/wp\/v2\/types\/page"}],"author":[{"embeddable":true,"href":"https:\/\/iicvarsavia.esteri.it\/pl\/wp-json\/wp\/v2\/users\/1"}],"replies":[{"embeddable":true,"href":"https:\/\/iicvarsavia.esteri.it\/pl\/wp-json\/wp\/v2\/comments?post=90"}],"version-history":[{"count":3,"href":"https:\/\/iicvarsavia.esteri.it\/pl\/wp-json\/wp\/v2\/pages\/90\/revisions"}],"predecessor-version":[{"id":13860,"href":"https:\/\/iicvarsavia.esteri.it\/pl\/wp-json\/wp\/v2\/pages\/90\/revisions\/13860"}],"up":[{"embeddable":true,"href":"https:\/\/iicvarsavia.esteri.it\/pl\/wp-json\/wp\/v2\/pages\/88"}],"wp:attachment":[{"href":"https:\/\/iicvarsavia.esteri.it\/pl\/wp-json\/wp\/v2\/media?parent=90"}],"curies":[{"name":"wp","href":"https:\/\/api.w.org\/{rel}","templated":true}]}}