{"id":91,"date":"2023-04-03T20:56:11","date_gmt":"2023-04-03T18:56:11","guid":{"rendered":"https:\/\/iicvarsavia.esteri.it\/lingua-e-cultura\/certificazioni\/"},"modified":"2026-03-23T15:22:51","modified_gmt":"2026-03-23T14:22:51","slug":"certificazioni","status":"publish","type":"page","link":"https:\/\/iicvarsavia.esteri.it\/pl\/lingua-e-cultura\/certificazioni\/","title":{"rendered":"Certyfikaty"},"content":{"rendered":"<p>&nbsp;<\/p>\n<p class=\"AlignCenter\" style=\"text-align: justify;\"><img loading=\"lazy\" decoding=\"async\" class=\"alignnone wp-image-13694 img-fluid\" src=\"https:\/\/iicvarsavia.esteri.it\/wp-content\/uploads\/2025\/02\/cils-300x147.png\" alt=\"\" width=\"251\" height=\"123\" srcset=\"https:\/\/iicvarsavia.esteri.it\/wp-content\/uploads\/2025\/02\/cils-300x147.png 300w, https:\/\/iicvarsavia.esteri.it\/wp-content\/uploads\/2025\/02\/cils.png 320w\" sizes=\"auto, (max-width: 251px) 100vw, 251px\" \/><\/p>\n<p style=\"text-align: justify;\">W\u0142oski Instytut Kultury w Warszawie, we wsp\u00f3\u0142pracy z Uniwersytetem dla Cudzoziemc\u00f3w w Sienie, organizuje dwie coroczne sesje egzaminacyjne pozwalaj\u0105ce na uzyskanie certyfikatu CILS.<\/p>\n<p>Egzaminy pozwalaj\u0105 na uzyskanie certyfikatu znajomo\u015bci j\u0119zyka w\u0142oskiego od poziom\u00f3w B1 do C2.<\/p>\n<p>&nbsp;<\/p>\n<p><strong>Najbli\u017csze sesje<\/strong><\/p>\n<p>Najbli\u017csza sesja odb\u0119dzie si\u0119 <strong>16 czerwca 2026<\/strong>\u00a0<strong>r.<\/strong>.<\/p>\n<p><strong>Zapisy na egzamin odbywa\u0107 si\u0119 b\u0119d\u0105 od 1 do 30 kwietnia 2026 roku.<\/strong><br \/>\n<span class=\"cf0\"><!--EndFragment --><\/span><!--EndFragment --><\/p>\n<p>&nbsp;<\/p>\n<p><strong>Jak si\u0119 zapisa\u0107<\/strong><\/p>\n<p>W celu zapisania si\u0119 na egzamin nale\u017cy przedstawi\u0107 nast\u0119puj\u0105ce dokumenty:<\/p>\n<ul>\n<li style=\"text-align: justify;\">Formularz zapisu na CILS wype\u0142niony czytelnie, literami drukowanymi (dane s\u0105 umieszczane na platformie Sieny i nast\u0119pnie na dyplomie z egzaminu);<\/li>\n<li>Skan dokumentu to\u017csamo\u015bci ze zdj\u0119ciem (tylko w formacie pdf lub jpg i nie wi\u0119kszy ni\u017c 2 MB);<\/li>\n<li>Potwierdzenie wniesionej op\u0142aty egzaminacyjnej zgodnie z cennikiem umieszczonym na stronie.<\/li>\n<\/ul>\n<p style=\"text-align: justify;\">Dokumenty nale\u017cy przes\u0142a\u0107 w formie elektronicznej w oddzielnych plikach (pdf\/jpg) <span style=\"text-decoration: underline;\">nie wi\u0119kszych ni\u017c 2 MB<\/span> na adres e-mail: segr.iicvarsavia@esteri.it (uwaga, prosimy nie przesy\u0142a\u0107 dokument\u00f3w na inne adresy mailowe).<\/p>\n<p>Pobierz formularz (<strong>Modulo di adesione all\u2019esame CILS<\/strong>) <a href=\"https:\/\/iicvarsavia.esteri.it\/wp-content\/uploads\/2024\/03\/Modulo-di-adesione-allesame-CILS.pdf\"><span style=\"text-decoration: underline;\">tutaj.<\/span><\/a><\/p>\n<p>&nbsp;<\/p>\n<p><strong>Koszty<\/strong><\/p>\n<p><strong>CA\u0141Y EGZAMIN*<\/strong><\/p>\n<ul>\n<li>CILS Uno (B1) 260 z\u0142 + 125 z\u0142 = 385 z\u0142<\/li>\n<li>CILS Due (B2) 300 z\u0142 + 125 z\u0142 = 425 z\u0142<\/li>\n<li>CILS Tre (C1) 390 z\u0142 + 125 z\u0142 = 515 z\u0142<\/li>\n<li>CILS Quattro (C2) 450 z\u0142 + 125 z\u0142 = 575 z\u0142<\/li>\n<\/ul>\n<p>* Pe\u0142en koszt odpowiada op\u0142acie egzaminacyjnej + op\u0142acie administracyjnej<\/p>\n<p>&nbsp;<\/p>\n<p><strong>POSZCZEG\u00d3LNE CZ\u0118\u015aCI DO POPRAWY *<\/strong><\/p>\n<ul>\n<li>CILS Uno (B1) 85 z\u0142 +75 z\u0142 = 160 z\u0142<\/li>\n<li>CILS Due (B2) 98 z\u0142 + 75 z\u0142 = 173 z\u0142<\/li>\n<li>CILS Tre (C1) 107 z\u0142 + 75 z\u0142 = 182 z\u0142<\/li>\n<li>CILS Quattro (C2) 122 z\u0142 + 75 z\u0142 = 197 z\u0142<\/li>\n<\/ul>\n<p>* Pe\u0142en koszt odpowiada op\u0142acie egzaminacyjnej (<u>pomno\u017conej przez liczb\u0119 cz\u0119\u015bci do poprawy<\/u>) + op\u0142acie administracyjnej<\/p>\n<p>&nbsp;<\/p>\n<p><strong>Konto bankowe<\/strong><\/p>\n<p>Bank Polska Kasa Opieki S.A. V Oddzia\u0142 w Warszawie<br \/>\nPL09124010661111001011920862<br \/>\nW\u0141OSKI INSTYTUT KULTURY<br \/>\n00-545 Warszawa, ul. Marsza\u0142kowska 72<\/p>\n<p>&nbsp;<\/p>\n<p><strong>Dodatkowe informacje<\/strong><\/p>\n<ul>\n<li>By dowiedzie\u0107 si\u0119 czym jest CILS kliknij<a href=\"https:\/\/cils.unistrasi.it\/\"> <u>tutaj<\/u>.<\/a><\/li>\n<li>By wy\u015bwietli\u0107 przyk\u0142adowe zeszyty egzaminacyjne CILS kliknij <a href=\"https:\/\/cils.unistrasi.it\/1\/89\/188\/Esempi_prove_di_esami.htm\">tutaj.<\/a><u><\/u><\/li>\n<li>By wy\u015bwietni\u0107 odniesienie certyfikat\u00f3w do Europejskiego Systemu opisu Kszta\u0142cenia j\u0119zykowego kliknij <a href=\"https:\/\/iicvarsavia.esteri.it\/wp-content\/uploads\/2025\/01\/Corrispondenza-delle-certificazioni-con-il-Quadro-Comune-Europeo-di-Riferimento.pdf\">tutaj.<\/a><\/li>\n<li>Napisz maila na adres &#8222;segr.iicvarsavia@esteri.it&#8221; z pytaniem.<\/li>\n<\/ul>\n","protected":false},"excerpt":{"rendered":"&nbsp; W\u0142oski Instytut Kultury w Warszawie, we wsp\u00f3\u0142pracy z Uniwersytetem dla Cudzoziemc\u00f3w w Sienie, organizuje dwie coroczne sesje egzaminacyjne pozwalaj\u0105ce na uzyskanie certyfikatu CILS. Egzaminy pozwalaj\u0105 na uzyskanie certyfikatu znajomo\u015bci j\u0119zyka w\u0142oskiego od poziom\u00f3w B1 do C2. &nbsp; Najbli\u017csze sesje Najbli\u017csza sesja odb\u0119dzie si\u0119 16 czerwca 2026\u00a0r.. Zapisy na egzamin odbywa\u0107 si\u0119 b\u0119d\u0105 od 1 [&hellip;]","protected":false},"author":1,"featured_media":0,"parent":88,"menu_order":4,"comment_status":"closed","ping_status":"closed","template":"","meta":{"footnotes":""},"class_list":["post-91","page","type-page","status-publish","hentry"],"_links":{"self":[{"href":"https:\/\/iicvarsavia.esteri.it\/pl\/wp-json\/wp\/v2\/pages\/91","targetHints":{"allow":["GET"]}}],"collection":[{"href":"https:\/\/iicvarsavia.esteri.it\/pl\/wp-json\/wp\/v2\/pages"}],"about":[{"href":"https:\/\/iicvarsavia.esteri.it\/pl\/wp-json\/wp\/v2\/types\/page"}],"author":[{"embeddable":true,"href":"https:\/\/iicvarsavia.esteri.it\/pl\/wp-json\/wp\/v2\/users\/1"}],"replies":[{"embeddable":true,"href":"https:\/\/iicvarsavia.esteri.it\/pl\/wp-json\/wp\/v2\/comments?post=91"}],"version-history":[{"count":7,"href":"https:\/\/iicvarsavia.esteri.it\/pl\/wp-json\/wp\/v2\/pages\/91\/revisions"}],"predecessor-version":[{"id":19501,"href":"https:\/\/iicvarsavia.esteri.it\/pl\/wp-json\/wp\/v2\/pages\/91\/revisions\/19501"}],"up":[{"embeddable":true,"href":"https:\/\/iicvarsavia.esteri.it\/pl\/wp-json\/wp\/v2\/pages\/88"}],"wp:attachment":[{"href":"https:\/\/iicvarsavia.esteri.it\/pl\/wp-json\/wp\/v2\/media?parent=91"}],"curies":[{"name":"wp","href":"https:\/\/api.w.org\/{rel}","templated":true}]}}