{"id":92,"date":"2023-04-03T20:56:23","date_gmt":"2023-04-03T18:56:23","guid":{"rendered":"https:\/\/iicvarsavia.esteri.it\/lingua-e-cultura\/studiare-in-italia\/"},"modified":"2025-03-12T17:25:49","modified_gmt":"2025-03-12T16:25:49","slug":"studiare-in-italia","status":"publish","type":"page","link":"https:\/\/iicvarsavia.esteri.it\/pl\/lingua-e-cultura\/studiare-in-italia\/","title":{"rendered":"Studiuj we W\u0142oszech"},"content":{"rendered":"<p><strong>Uniwersytety<\/strong><\/p>\n<p>Informacje na temat organizacji i funkcjonowania w\u0142oskiego systemu szkolnictwa wy\u017cszego mo\u017cna znale\u017a\u0107 na portalu Ministerstwa Spraw Zagranicznych i Wsp\u00f3\u0142pracy Mi\u0119dzynarodowej (MAECI) Study in Italy oraz na portalu Ministerstwa Szkolnictwa Wy\u017cszego i Bada\u0144 Naukowych (MUR) Universitaly.<\/p>\n<p>&nbsp;<\/p>\n<p><img loading=\"lazy\" decoding=\"async\" class=\"alignnone wp-image-13703 img-fluid\" src=\"https:\/\/iicvarsavia.esteri.it\/wp-content\/uploads\/2025\/02\/studyinitaly-1575017114-300x130.jpg\" alt=\"\" width=\"221\" height=\"96\" srcset=\"https:\/\/iicvarsavia.esteri.it\/wp-content\/uploads\/2025\/02\/studyinitaly-1575017114-300x130.jpg 300w, https:\/\/iicvarsavia.esteri.it\/wp-content\/uploads\/2025\/02\/studyinitaly-1575017114-1024x443.jpg 1024w, https:\/\/iicvarsavia.esteri.it\/wp-content\/uploads\/2025\/02\/studyinitaly-1575017114-768x332.jpg 768w, https:\/\/iicvarsavia.esteri.it\/wp-content\/uploads\/2025\/02\/studyinitaly-1575017114.jpg 1234w\" sizes=\"auto, (max-width: 221px) 100vw, 221px\" \/>\u00a0 \u00a0 \u00a0 \u00a0 \u00a0 \u00a0 \u00a0 \u00a0 \u00a0 \u00a0 \u00a0 \u00a0 \u00a0 \u00a0 \u00a0 \u00a0 \u00a0 \u00a0 \u00a0 \u00a0 \u00a0 \u00a0 \u00a0 \u00a0 \u00a0 \u00a0 \u00a0<img loading=\"lazy\" decoding=\"async\" class=\"alignnone wp-image-13706 img-fluid\" src=\"https:\/\/iicvarsavia.esteri.it\/wp-content\/uploads\/2025\/02\/Universitaly-300x300.jpg\" alt=\"\" width=\"146\" height=\"146\" srcset=\"https:\/\/iicvarsavia.esteri.it\/wp-content\/uploads\/2025\/02\/Universitaly-300x300.jpg 300w, https:\/\/iicvarsavia.esteri.it\/wp-content\/uploads\/2025\/02\/Universitaly-150x150.jpg 150w, https:\/\/iicvarsavia.esteri.it\/wp-content\/uploads\/2025\/02\/Universitaly-768x768.jpg 768w, https:\/\/iicvarsavia.esteri.it\/wp-content\/uploads\/2025\/02\/Universitaly.jpg 900w\" sizes=\"auto, (max-width: 146px) 100vw, 146px\" \/><\/p>\n<p>&nbsp;<\/p>\n<p><strong>Jakie i ile jest uniwersytet\u00f3w <\/strong><\/p>\n<p>Pe\u0142n\u0105 list\u0119 uniwersytet\u00f3w mo\u017cna znale\u017a\u0107 na nast\u0119puj\u0105cych stronach internetowych: <a href=\"https:\/\/www.universitaly.it\/\">UniversItaly<\/a>\u00a0|\u00a0<a href=\"https:\/\/www.crui.it\/atenei-e-rettori-crui\/atenei-associati.html\">CRUI<\/a><\/p>\n<p><strong>Zapisy<br \/>\n<\/strong>Studenci zainteresowani studiami we W\u0142oszech mog\u0105 znale\u017a\u0107 przydatne informacje na temat zarezerwowanych dla nich miejsc na nast\u0119puj\u0105cych stronach:\u00a0<a href=\"https:\/\/www.universitaly.it\/first-steps\">UniversItaly<\/a>\u00a0|\u00a0<a href=\"https:\/\/www.studiare-in-italia.it\/studentistranieri\/\">MUR<\/a>.<\/p>\n<p><strong>Kszta\u0142cenie wy\u017csze w zakresie sztuki, muzyki i ta\u0144ca<\/strong><br \/>\nPe\u0142na lista instytut\u00f3w i akademii znajduje si\u0119 na stronie internetowej<strong>: <\/strong><a href=\"https:\/\/www.mur.gov.it\/it\/aree-tematiche\/afam\/gli-istituti\">MUR<\/a>.<\/p>\n<p><strong>Zakwaterowanie uniwersyteckie<br \/>\n<\/strong>Niekt\u00f3re uczelnie pomagaj\u0105 studentom w znalezieniu zakwaterowania. Niekt\u00f3re przydatne witryny:<\/p>\n<ul>\n<li><a href=\"http:\/\/www.collegiuniversitari.it\/\">www.collegiuniversitari.it<\/a><\/li>\n<li><a href=\"http:\/\/www.fondazionerui.it\/\">www.fondazionerui.it<\/a><\/li>\n<li><a href=\"http:\/\/www.camplus.it\/\">www.camplus.it<\/a><\/li>\n<\/ul>\n<p>(IIC i MAECI nie ponosz\u0105 odpowiedzialno\u015bci za jakiekolwiek szkody wynik\u0142e z wyboru jednej z wy\u017cej wymienionych rezydencji uniwersyteckich.)<\/p>\n<p>&nbsp;<\/p>\n<p><strong>SZKO\u0141Y<br \/>\n<\/strong>Og\u00f3lne informacje na temat w\u0142oskiego systemu szkolnictwa mo\u017cna znale\u017a\u0107 pod nast\u0119puj\u0105cym linkiem:\u00a0<a href=\"https:\/\/www.miur.gov.it\/web\/guest\/scuola\">Ministero dell\u2019Istruzione e del Merito (MIM)<\/a>.<\/p>\n<p>&nbsp;<\/p>\n<p><strong>NAUCZANIE W\u0141OSIEGO JAKO L2<\/strong><\/p>\n<ul>\n<li><a href=\"https:\/\/www.itals.it\/\">Il progetto ITALS<\/a>\u00a0\u2013 Facolt\u00e0 di Linguistica dell\u2019Universit\u00e0 Ca\u2019 Foscari di Venezia<\/li>\n<li><a href=\"https:\/\/ditals.unistrasi.it\/home.asp\">DITALS<\/a>\u00a0\u2013 Certificazione in didattica dell\u2019italiano come lingua straniera \u2013 Universit\u00e0 per Stranieri di Siena<\/li>\n<li><a href=\"https:\/\/www.unistrapg.it\/it\/studiare-in-un-ateneo-internazionale\/corsi-di-laurea-e-laurea-magistrale\/italiano-per-l-insegnamento-a-stranieri-itas\">ITAS (Italiano per l\u2019insegnamento a stranieri)<\/a>\u00a0\u2013 Universit\u00e0 per Stranieri di Perugia<\/li>\n<\/ul>\n","protected":false},"excerpt":{"rendered":"Uniwersytety Informacje na temat organizacji i funkcjonowania w\u0142oskiego systemu szkolnictwa wy\u017cszego mo\u017cna znale\u017a\u0107 na portalu Ministerstwa Spraw Zagranicznych i Wsp\u00f3\u0142pracy Mi\u0119dzynarodowej (MAECI) Study in Italy oraz na portalu Ministerstwa Szkolnictwa Wy\u017cszego i Bada\u0144 Naukowych (MUR) Universitaly. &nbsp; \u00a0 \u00a0 \u00a0 \u00a0 \u00a0 \u00a0 \u00a0 \u00a0 \u00a0 \u00a0 \u00a0 \u00a0 \u00a0 \u00a0 \u00a0 \u00a0 \u00a0 \u00a0 [&hellip;]","protected":false},"author":1,"featured_media":0,"parent":88,"menu_order":8,"comment_status":"closed","ping_status":"closed","template":"","meta":{"footnotes":""},"class_list":["post-92","page","type-page","status-publish","hentry"],"_links":{"self":[{"href":"https:\/\/iicvarsavia.esteri.it\/pl\/wp-json\/wp\/v2\/pages\/92","targetHints":{"allow":["GET"]}}],"collection":[{"href":"https:\/\/iicvarsavia.esteri.it\/pl\/wp-json\/wp\/v2\/pages"}],"about":[{"href":"https:\/\/iicvarsavia.esteri.it\/pl\/wp-json\/wp\/v2\/types\/page"}],"author":[{"embeddable":true,"href":"https:\/\/iicvarsavia.esteri.it\/pl\/wp-json\/wp\/v2\/users\/1"}],"replies":[{"embeddable":true,"href":"https:\/\/iicvarsavia.esteri.it\/pl\/wp-json\/wp\/v2\/comments?post=92"}],"version-history":[{"count":6,"href":"https:\/\/iicvarsavia.esteri.it\/pl\/wp-json\/wp\/v2\/pages\/92\/revisions"}],"predecessor-version":[{"id":14317,"href":"https:\/\/iicvarsavia.esteri.it\/pl\/wp-json\/wp\/v2\/pages\/92\/revisions\/14317"}],"up":[{"embeddable":true,"href":"https:\/\/iicvarsavia.esteri.it\/pl\/wp-json\/wp\/v2\/pages\/88"}],"wp:attachment":[{"href":"https:\/\/iicvarsavia.esteri.it\/pl\/wp-json\/wp\/v2\/media?parent=92"}],"curies":[{"name":"wp","href":"https:\/\/api.w.org\/{rel}","templated":true}]}}