{"id":93,"date":"2023-04-03T20:56:47","date_gmt":"2023-04-03T18:56:47","guid":{"rendered":"https:\/\/iicvarsavia.esteri.it\/lingua-e-cultura\/biblioteca\/"},"modified":"2026-04-03T10:47:16","modified_gmt":"2026-04-03T08:47:16","slug":"biblioteca","status":"publish","type":"page","link":"https:\/\/iicvarsavia.esteri.it\/pl\/lingua-e-cultura\/biblioteca\/","title":{"rendered":"Biblioteka"},"content":{"rendered":"<p style=\"text-align: justify;\"><strong>REGULAMIN BIBLIOTEKI<\/strong><\/p>\n<p style=\"text-align: justify;\">Wst\u0119p do Biblioteki W\u0142oskiego Instytutu Kultury jest bezp\u0142atny dla wszystkich. Katalog biblioteki jest dostepny on line w portalu internetowym <a href=\"https:\/\/iic.infoteca.it\/varsavia\/ricerca\/novita\">https:\/\/iic.infoteca.it\/varsavia\/ricerca\/novita<\/a><\/p>\n<p style=\"text-align: justify;\">Biblioteka b\u0119dzie czynna dla interesant\u00f3w w nast\u0119puj\u0105cych godzinach:<\/p>\n<p style=\"text-align: justify;\"><strong>w poniedzia\u0142ki \u00a0\u00a0\u00a0\u00a0\u00a0\u00a0\u00a0 10.00-13.00 i 14.00-16.30,<\/strong><br \/>\n<strong>we wtorki \u00a0\u00a0\u00a0\u00a0\u00a0\u00a0\u00a0\u00a0\u00a0\u00a0\u00a0\u00a0\u00a0\u00a0\u00a0\u00a0 10.00-13.00 i 14.00-16.30<\/strong><br \/>\n<strong>w \u015brody \u00a0\u00a0\u00a0\u00a0\u00a0\u00a0\u00a0\u00a0\u00a0\u00a0\u00a0\u00a0\u00a0\u00a0\u00a0\u00a0\u00a0\u00a0\u00a0\u00a0 10.00-13.00 i 14.00-18.00<\/strong><br \/>\n<strong>we czwartki\u00a0 \u00a0 \u00a0 \u00a0 \u00a0 \u00a0 \u00a0 10.00-13.00 i 14.00-16.30<\/strong><br \/>\n<strong>w pi\u0105tki \u00a0\u00a0\u00a0\u00a0\u00a0\u00a0\u00a0\u00a0\u00a0\u00a0\u00a0\u00a0\u00a0\u00a0\u00a0\u00a0\u00a0\u00a0\u00a0\u00a0 10.00-13.00<\/strong><\/p>\n<p style=\"text-align: justify;\">Osoby zainteresowane mog\u0105 przegl\u0105da\u0107 na miejscu wszystkie dzie\u0142a, czasopisma oraz materia\u0142y multimedialne przechowywane w Bibliotece.<\/p>\n<p style=\"text-align: justify;\">Do dyspozycji interesant\u00f3w jest bezp\u0142atna us\u0142uga robienia kserokopii dla ograniczonej ilo\u015bci stron.<\/p>\n<p style=\"text-align: justify;\">Mo\u017cliwe jest bep\u0142atne wypo\u017cyczanie ksi\u0105\u017cek, p\u0142yt CD i DVD (<strong>z wyj\u0105tkiem encyklopedii, s\u0142ownik\u00f3w, podr\u0119cznik\u00f3w do nauki j\u0119zyka w\u0142oskiego i materia\u0142\u00f3w dydaktycznych<\/strong>) dla wszystkich interesant\u00f3w.<\/p>\n<p style=\"text-align: justify;\">Ksi\u0105\u017cki b\u0119dzie mo\u017cna wypo\u017cycza\u0107 na miesi\u0105c, natomiast DVD i p\u0142yty CD na tydzie\u0144. Istnieje mo\u017cliwo\u015b\u0107 wypo\u017cyczenia razem trzech pozycji n.p. 3 ksi\u0105\u017cek, 2 ksi\u0105\u017cek i jednego DVD, lub jednej ksi\u0105\u017cki, jednej p\u0142yty CD i jednego DVD.<\/p>\n<p style=\"text-align: justify;\">W przypadku zagubienia wypo\u017cyczonej ksi\u0105\u017cki, p\u0142yty CD lub DVD, interesant ma obowi\u0105zek zakupu takiego samego produktu; w przeciwnym razie zostanie zawieszony, na czas nieokre\u015blony, w wypo\u017cyczalni bibliotecznej.<\/p>\n<p style=\"text-align: justify;\">Interesant jest zobowi\u0105zany przestrzega\u0107 termin\u00f3w zwrotu dzie\u0142; osoba, kt\u00f3ra dokonuje zwrotu z op\u00f3\u017anieniem jest wykluczona z wypo\u017cyczania przez okres r\u00f3wnoznaczny z op\u00f3\u017anieniem. Dla przypomnienia, istnieje mo\u017cliwo\u015b\u0107 przed\u0142u\u017cenia wypo\u017cyczonej ksi\u0105\u017cki, na nast\u0119pny \u00a0miesi\u0105c, telefonicznie pod numerem +48 22 6280610\/18 wewn. 113 lub poczt\u0105 elektroniczn\u0105 na e-mail: <strong>bibl.iicvarsavia@esteri.it<\/strong>.<\/p>\n<p style=\"text-align: justify;\">Co si\u0119 tyczy tego, co nie przewiduje w\/w regulamin, informujemy, \u017ce stosowane s\u0105 zasady post\u0119powania obowi\u0105zuj\u0105ce w polskich Bibliotekach pa\u0144stwowych i publicznych.<\/p>\n","protected":false},"excerpt":{"rendered":"REGULAMIN BIBLIOTEKI Wst\u0119p do Biblioteki W\u0142oskiego Instytutu Kultury jest bezp\u0142atny dla wszystkich. Katalog biblioteki jest dostepny on line w portalu internetowym https:\/\/iic.infoteca.it\/varsavia\/ricerca\/novita Biblioteka b\u0119dzie czynna dla interesant\u00f3w w nast\u0119puj\u0105cych godzinach: w poniedzia\u0142ki \u00a0\u00a0\u00a0\u00a0\u00a0\u00a0\u00a0 10.00-13.00 i 14.00-16.30, we wtorki \u00a0\u00a0\u00a0\u00a0\u00a0\u00a0\u00a0\u00a0\u00a0\u00a0\u00a0\u00a0\u00a0\u00a0\u00a0\u00a0 10.00-13.00 i 14.00-16.30 w \u015brody \u00a0\u00a0\u00a0\u00a0\u00a0\u00a0\u00a0\u00a0\u00a0\u00a0\u00a0\u00a0\u00a0\u00a0\u00a0\u00a0\u00a0\u00a0\u00a0\u00a0 10.00-13.00 i 14.00-18.00 we czwartki\u00a0 \u00a0 \u00a0 \u00a0 \u00a0 \u00a0 [&hellip;]","protected":false},"author":1,"featured_media":0,"parent":88,"menu_order":10,"comment_status":"closed","ping_status":"closed","template":"","meta":{"footnotes":""},"class_list":["post-93","page","type-page","status-publish","hentry"],"_links":{"self":[{"href":"https:\/\/iicvarsavia.esteri.it\/pl\/wp-json\/wp\/v2\/pages\/93","targetHints":{"allow":["GET"]}}],"collection":[{"href":"https:\/\/iicvarsavia.esteri.it\/pl\/wp-json\/wp\/v2\/pages"}],"about":[{"href":"https:\/\/iicvarsavia.esteri.it\/pl\/wp-json\/wp\/v2\/types\/page"}],"author":[{"embeddable":true,"href":"https:\/\/iicvarsavia.esteri.it\/pl\/wp-json\/wp\/v2\/users\/1"}],"replies":[{"embeddable":true,"href":"https:\/\/iicvarsavia.esteri.it\/pl\/wp-json\/wp\/v2\/comments?post=93"}],"version-history":[{"count":7,"href":"https:\/\/iicvarsavia.esteri.it\/pl\/wp-json\/wp\/v2\/pages\/93\/revisions"}],"predecessor-version":[{"id":19661,"href":"https:\/\/iicvarsavia.esteri.it\/pl\/wp-json\/wp\/v2\/pages\/93\/revisions\/19661"}],"up":[{"embeddable":true,"href":"https:\/\/iicvarsavia.esteri.it\/pl\/wp-json\/wp\/v2\/pages\/88"}],"wp:attachment":[{"href":"https:\/\/iicvarsavia.esteri.it\/pl\/wp-json\/wp\/v2\/media?parent=93"}],"curies":[{"name":"wp","href":"https:\/\/api.w.org\/{rel}","templated":true}]}}