{"id":94,"date":"2023-04-03T20:57:00","date_gmt":"2023-04-03T18:57:00","guid":{"rendered":"https:\/\/iicvarsavia.esteri.it\/lingua-e-cultura\/premi-alla-traduzione\/"},"modified":"2026-04-03T10:49:47","modified_gmt":"2026-04-03T08:49:47","slug":"premi-alla-traduzione","status":"publish","type":"page","link":"https:\/\/iicvarsavia.esteri.it\/pl\/lingua-e-cultura\/premi-alla-traduzione\/","title":{"rendered":"Nagrody za t\u0142umaczenia"},"content":{"rendered":"<p><strong>Nagrody i Dofinasowanie (Maeci)<\/strong><\/p>\n<p>W celu wspierania jak najwi\u0119kszego rozpowszechniania w\u0142oskich ksi\u0105\u017cek Ministerstwo Spraw Zagranicznych i Wsp\u00f3\u0142pracy Mi\u0119dzynarodowej oferuje nagrody i wk\u0142ad w t\u0142umaczenie w\u0142oskich dzie\u0142 literackich i naukowych, kt\u00f3re obejmuj\u0105 r\u00f3wnie\u017c dubbing i napisy do film\u00f3w kr\u00f3tkometra\u017cowych, film\u00f3w fabularnych i seriali telewizyjnych przeznaczonych do \u015brodk\u00f3w masowego przekazu.<\/p>\n<p>Rok 2026: termin sk\u0142adania wniosk\u00f3w up\u0142yn\u0105\u0142 31 marca.<\/p>\n<p>&nbsp;<\/p>\n<p><strong>Krajowe Nagrody Translatorskie (Ministerstwo Kultury)<\/strong><\/p>\n<p>Co roku Ministerstwo Kultury, za po\u015brednictwem Dyrekcji Generalnej ds. Bibliotek i Praw Autorskich, przyznaje Narodowe Nagrody za T\u0142umaczenie w\u0142oskim i zagranicznym t\u0142umaczom i wydawcom, kt\u00f3rzy przyczynili si\u0119 do rozpowszechniania kultury w\u0142oskiej za granic\u0105 i kultury zagranicznej w naszym kraju.<br \/>\nNagrody s\u0105 wyrazem uznania dla kulturalnej i zawodowej warto\u015bci dzia\u0142alno\u015bci prowadzonej w dziedzinie t\u0142umacze\u0144 i wydawnictwa.<\/p>\n<p>Og\u00f3\u0142em MIC przyznaje osiem nagr\u00f3d, podzielonych na 4 nagrody g\u0142\u00f3wne i 4 nagrody specjalne.<br \/>\nProcedury dost\u0119pu i uczestnictwa w Krajowych Nagrodach Translatorskich reguluje ok\u00f3lnik nr 1 z dnia 27 stycznia 2021 r.<\/p>\n<p>Rok 2025: termin min\u0105\u0142l 18 grudnia 2025.<\/p>\n<p>&nbsp;<\/p>\n<p>&nbsp;<\/p>\n<p>&nbsp;<\/p>\n","protected":false},"excerpt":{"rendered":"Nagrody i Dofinasowanie (Maeci) W celu wspierania jak najwi\u0119kszego rozpowszechniania w\u0142oskich ksi\u0105\u017cek Ministerstwo Spraw Zagranicznych i Wsp\u00f3\u0142pracy Mi\u0119dzynarodowej oferuje nagrody i wk\u0142ad w t\u0142umaczenie w\u0142oskich dzie\u0142 literackich i naukowych, kt\u00f3re obejmuj\u0105 r\u00f3wnie\u017c dubbing i napisy do film\u00f3w kr\u00f3tkometra\u017cowych, film\u00f3w fabularnych i seriali telewizyjnych przeznaczonych do \u015brodk\u00f3w masowego przekazu. Rok 2026: termin sk\u0142adania wniosk\u00f3w up\u0142yn\u0105\u0142 31 [&hellip;]","protected":false},"author":1,"featured_media":0,"parent":88,"menu_order":12,"comment_status":"closed","ping_status":"closed","template":"","meta":{"footnotes":""},"class_list":["post-94","page","type-page","status-publish","hentry"],"_links":{"self":[{"href":"https:\/\/iicvarsavia.esteri.it\/pl\/wp-json\/wp\/v2\/pages\/94","targetHints":{"allow":["GET"]}}],"collection":[{"href":"https:\/\/iicvarsavia.esteri.it\/pl\/wp-json\/wp\/v2\/pages"}],"about":[{"href":"https:\/\/iicvarsavia.esteri.it\/pl\/wp-json\/wp\/v2\/types\/page"}],"author":[{"embeddable":true,"href":"https:\/\/iicvarsavia.esteri.it\/pl\/wp-json\/wp\/v2\/users\/1"}],"replies":[{"embeddable":true,"href":"https:\/\/iicvarsavia.esteri.it\/pl\/wp-json\/wp\/v2\/comments?post=94"}],"version-history":[{"count":6,"href":"https:\/\/iicvarsavia.esteri.it\/pl\/wp-json\/wp\/v2\/pages\/94\/revisions"}],"predecessor-version":[{"id":19666,"href":"https:\/\/iicvarsavia.esteri.it\/pl\/wp-json\/wp\/v2\/pages\/94\/revisions\/19666"}],"up":[{"embeddable":true,"href":"https:\/\/iicvarsavia.esteri.it\/pl\/wp-json\/wp\/v2\/pages\/88"}],"wp:attachment":[{"href":"https:\/\/iicvarsavia.esteri.it\/pl\/wp-json\/wp\/v2\/media?parent=94"}],"curies":[{"name":"wp","href":"https:\/\/api.w.org\/{rel}","templated":true}]}}